{"id":11231,"date":"2022-02-24T10:29:42","date_gmt":"2022-02-24T09:29:42","guid":{"rendered":"http:\/\/www.pts-graz.at\/?page_id=11231"},"modified":"2023-09-05T20:47:58","modified_gmt":"2023-09-05T18:47:58","slug":"fachbereich-berufsorientierung","status":"publish","type":"page","link":"https:\/\/www.pts-graz.at\/?page_id=11231","title":{"rendered":"Fachbereich Informatik"},"content":{"rendered":"<p style=\"margin: 0cm; font-size: 13pt; font-family: Calibri, sans-serif; color: #000000;\">IT-Systeme spielen in der Gesellschaft eine zunehmend wichtigere Rolle. Viele Abl\u00e4ufe in der Arbeitswelt aber auch im Alltag w\u00e4ren ohne die Unterst\u00fctzung der <b>INFORMATIK<\/b>\u00a0undenkbar. Jugendlichen, die Interessen in diesem Bereich aufweisen, wird ein Tor zu zahlreichen Berufsbereichen und Ausbildungsm\u00f6glichkeiten am Puls der Zeit ge\u00f6ffnet.<\/p>\n<p style=\"margin: 0cm; font-size: 12pt; font-family: Calibri, sans-serif; color: #000000;\">\n<p><img loading=\"lazy\" src=\"https:\/\/www.pts-graz.at\/wp-content\/uploads\/2023\/07\/keyboard-gf54e59f44_1920-1024x678.jpg\" sizes=\"(max-width: 640px) 100vw, 640px\" srcset=\"https:\/\/www.pts-graz.at\/wp-content\/uploads\/2023\/07\/keyboard-gf54e59f44_1920-1024x678.jpg 1024w, https:\/\/www.pts-graz.at\/wp-content\/uploads\/2023\/07\/keyboard-gf54e59f44_1920-300x199.jpg 300w, https:\/\/www.pts-graz.at\/wp-content\/uploads\/2023\/07\/keyboard-gf54e59f44_1920-768x509.jpg 768w, https:\/\/www.pts-graz.at\/wp-content\/uploads\/2023\/07\/keyboard-gf54e59f44_1920-1536x1018.jpg 1536w, https:\/\/www.pts-graz.at\/wp-content\/uploads\/2023\/07\/keyboard-gf54e59f44_1920.jpg 1920w\" alt=\"\" width=\"640\" height=\"424\" \/><br \/>\n<img loading=\"lazy\" src=\"https:\/\/www.pts-graz.at\/wp-content\/uploads\/2023\/07\/programming-g8d90ac033_1920-1024x563.png\" sizes=\"(max-width: 640px) 100vw, 640px\" srcset=\"https:\/\/www.pts-graz.at\/wp-content\/uploads\/2023\/07\/programming-g8d90ac033_1920-1024x563.png 1024w, https:\/\/www.pts-graz.at\/wp-content\/uploads\/2023\/07\/programming-g8d90ac033_1920-300x165.png 300w, https:\/\/www.pts-graz.at\/wp-content\/uploads\/2023\/07\/programming-g8d90ac033_1920-768x422.png 768w, https:\/\/www.pts-graz.at\/wp-content\/uploads\/2023\/07\/programming-g8d90ac033_1920-1536x844.png 1536w, https:\/\/www.pts-graz.at\/wp-content\/uploads\/2023\/07\/programming-g8d90ac033_1920.png 1920w\" alt=\"\" width=\"640\" height=\"352\" \/><\/p>\n","protected":false},"excerpt":{"rendered":"<p>IT-Systeme spielen in der Gesellschaft eine zunehmend wichtigere Rolle. Viele Abl\u00e4ufe in der Arbeitswelt aber auch im Alltag w\u00e4ren ohne die Unterst\u00fctzung der INFORMATIK\u00a0undenkbar. Jugendlichen, die Interessen in diesem Bereich &hellip; <\/p>\n","protected":false},"author":9,"featured_media":0,"parent":0,"menu_order":0,"comment_status":"closed","ping_status":"closed","template":"elementor_theme","meta":{"_bbp_topic_count":0,"_bbp_reply_count":0,"_bbp_total_topic_count":0,"_bbp_total_reply_count":0,"_bbp_voice_count":0,"_bbp_anonymous_reply_count":0,"_bbp_topic_count_hidden":0,"_bbp_reply_count_hidden":0,"_bbp_forum_subforum_count":0},"yoast_head":"<!-- This site is optimized with the Yoast SEO plugin v18.9 - https:\/\/yoast.com\/wordpress\/plugins\/seo\/ -->\n<title>Fachbereich Informatik - PTS Graz<\/title>\n<meta name=\"robots\" content=\"index, follow, max-snippet:-1, max-image-preview:large, max-video-preview:-1\" \/>\n<link rel=\"canonical\" href=\"https:\/\/www.pts-graz.at\/?page_id=11231\" \/>\n<meta property=\"og:locale\" content=\"de_DE\" \/>\n<meta property=\"og:type\" content=\"article\" \/>\n<meta property=\"og:title\" content=\"Fachbereich Informatik - PTS Graz\" \/>\n<meta property=\"og:description\" content=\"IT-Systeme spielen in der Gesellschaft eine zunehmend wichtigere Rolle. Viele Abl\u00e4ufe in der Arbeitswelt aber auch im Alltag w\u00e4ren ohne die Unterst\u00fctzung der INFORMATIK\u00a0undenkbar. Jugendlichen, die Interessen in diesem Bereich &hellip;\" \/>\n<meta property=\"og:url\" content=\"https:\/\/www.pts-graz.at\/?page_id=11231\" \/>\n<meta property=\"og:site_name\" content=\"PTS Graz\" \/>\n<meta property=\"article:modified_time\" content=\"2023-09-05T18:47:58+00:00\" \/>\n<meta property=\"og:image\" content=\"https:\/\/www.pts-graz.at\/wp-content\/uploads\/2023\/07\/keyboard-gf54e59f44_1920-1024x678.jpg\" \/>\n<meta name=\"twitter:card\" content=\"summary_large_image\" \/>\n<meta name=\"twitter:label1\" content=\"Gesch\u00e4tzte Lesezeit\" \/>\n\t<meta name=\"twitter:data1\" content=\"1\u00a0Minute\" \/>\n<script type=\"application\/ld+json\" class=\"yoast-schema-graph\">{\"@context\":\"https:\/\/schema.org\",\"@graph\":[{\"@type\":\"WebSite\",\"@id\":\"https:\/\/www.pts-graz.at\/#website\",\"url\":\"https:\/\/www.pts-graz.at\/\",\"name\":\"PTS Graz\",\"description\":\"Dein Weg in die Berufswelt\",\"potentialAction\":[{\"@type\":\"SearchAction\",\"target\":{\"@type\":\"EntryPoint\",\"urlTemplate\":\"https:\/\/www.pts-graz.at\/?s={search_term_string}\"},\"query-input\":\"required name=search_term_string\"}],\"inLanguage\":\"de\"},{\"@type\":\"ImageObject\",\"inLanguage\":\"de\",\"@id\":\"https:\/\/www.pts-graz.at\/?page_id=11231#primaryimage\",\"url\":\"https:\/\/www.pts-graz.at\/wp-content\/uploads\/2023\/07\/keyboard-gf54e59f44_1920.jpg\",\"contentUrl\":\"https:\/\/www.pts-graz.at\/wp-content\/uploads\/2023\/07\/keyboard-gf54e59f44_1920.jpg\",\"width\":1920,\"height\":1272},{\"@type\":\"WebPage\",\"@id\":\"https:\/\/www.pts-graz.at\/?page_id=11231#webpage\",\"url\":\"https:\/\/www.pts-graz.at\/?page_id=11231\",\"name\":\"Fachbereich Informatik - PTS Graz\",\"isPartOf\":{\"@id\":\"https:\/\/www.pts-graz.at\/#website\"},\"primaryImageOfPage\":{\"@id\":\"https:\/\/www.pts-graz.at\/?page_id=11231#primaryimage\"},\"datePublished\":\"2022-02-24T09:29:42+00:00\",\"dateModified\":\"2023-09-05T18:47:58+00:00\",\"breadcrumb\":{\"@id\":\"https:\/\/www.pts-graz.at\/?page_id=11231#breadcrumb\"},\"inLanguage\":\"de\",\"potentialAction\":[{\"@type\":\"ReadAction\",\"target\":[\"https:\/\/www.pts-graz.at\/?page_id=11231\"]}]},{\"@type\":\"BreadcrumbList\",\"@id\":\"https:\/\/www.pts-graz.at\/?page_id=11231#breadcrumb\",\"itemListElement\":[{\"@type\":\"ListItem\",\"position\":1,\"name\":\"Startseite\",\"item\":\"https:\/\/www.pts-graz.at\/\"},{\"@type\":\"ListItem\",\"position\":2,\"name\":\"Fachbereich Informatik\"}]}]}<\/script>\n<!-- \/ Yoast SEO plugin. -->","yoast_head_json":{"title":"Fachbereich Informatik - PTS Graz","robots":{"index":"index","follow":"follow","max-snippet":"max-snippet:-1","max-image-preview":"max-image-preview:large","max-video-preview":"max-video-preview:-1"},"canonical":"https:\/\/www.pts-graz.at\/?page_id=11231","og_locale":"de_DE","og_type":"article","og_title":"Fachbereich Informatik - PTS Graz","og_description":"IT-Systeme spielen in der Gesellschaft eine zunehmend wichtigere Rolle. Viele Abl\u00e4ufe in der Arbeitswelt aber auch im Alltag w\u00e4ren ohne die Unterst\u00fctzung der INFORMATIK\u00a0undenkbar. Jugendlichen, die Interessen in diesem Bereich &hellip;","og_url":"https:\/\/www.pts-graz.at\/?page_id=11231","og_site_name":"PTS Graz","article_modified_time":"2023-09-05T18:47:58+00:00","og_image":[{"url":"https:\/\/www.pts-graz.at\/wp-content\/uploads\/2023\/07\/keyboard-gf54e59f44_1920-1024x678.jpg"}],"twitter_card":"summary_large_image","twitter_misc":{"Gesch\u00e4tzte Lesezeit":"1\u00a0Minute"},"schema":{"@context":"https:\/\/schema.org","@graph":[{"@type":"WebSite","@id":"https:\/\/www.pts-graz.at\/#website","url":"https:\/\/www.pts-graz.at\/","name":"PTS Graz","description":"Dein Weg in die Berufswelt","potentialAction":[{"@type":"SearchAction","target":{"@type":"EntryPoint","urlTemplate":"https:\/\/www.pts-graz.at\/?s={search_term_string}"},"query-input":"required name=search_term_string"}],"inLanguage":"de"},{"@type":"ImageObject","inLanguage":"de","@id":"https:\/\/www.pts-graz.at\/?page_id=11231#primaryimage","url":"https:\/\/www.pts-graz.at\/wp-content\/uploads\/2023\/07\/keyboard-gf54e59f44_1920.jpg","contentUrl":"https:\/\/www.pts-graz.at\/wp-content\/uploads\/2023\/07\/keyboard-gf54e59f44_1920.jpg","width":1920,"height":1272},{"@type":"WebPage","@id":"https:\/\/www.pts-graz.at\/?page_id=11231#webpage","url":"https:\/\/www.pts-graz.at\/?page_id=11231","name":"Fachbereich Informatik - PTS Graz","isPartOf":{"@id":"https:\/\/www.pts-graz.at\/#website"},"primaryImageOfPage":{"@id":"https:\/\/www.pts-graz.at\/?page_id=11231#primaryimage"},"datePublished":"2022-02-24T09:29:42+00:00","dateModified":"2023-09-05T18:47:58+00:00","breadcrumb":{"@id":"https:\/\/www.pts-graz.at\/?page_id=11231#breadcrumb"},"inLanguage":"de","potentialAction":[{"@type":"ReadAction","target":["https:\/\/www.pts-graz.at\/?page_id=11231"]}]},{"@type":"BreadcrumbList","@id":"https:\/\/www.pts-graz.at\/?page_id=11231#breadcrumb","itemListElement":[{"@type":"ListItem","position":1,"name":"Startseite","item":"https:\/\/www.pts-graz.at\/"},{"@type":"ListItem","position":2,"name":"Fachbereich Informatik"}]}]}},"_links":{"self":[{"href":"https:\/\/www.pts-graz.at\/index.php?rest_route=\/wp\/v2\/pages\/11231"}],"collection":[{"href":"https:\/\/www.pts-graz.at\/index.php?rest_route=\/wp\/v2\/pages"}],"about":[{"href":"https:\/\/www.pts-graz.at\/index.php?rest_route=\/wp\/v2\/types\/page"}],"author":[{"embeddable":true,"href":"https:\/\/www.pts-graz.at\/index.php?rest_route=\/wp\/v2\/users\/9"}],"replies":[{"embeddable":true,"href":"https:\/\/www.pts-graz.at\/index.php?rest_route=%2Fwp%2Fv2%2Fcomments&post=11231"}],"version-history":[{"count":20,"href":"https:\/\/www.pts-graz.at\/index.php?rest_route=\/wp\/v2\/pages\/11231\/revisions"}],"predecessor-version":[{"id":13941,"href":"https:\/\/www.pts-graz.at\/index.php?rest_route=\/wp\/v2\/pages\/11231\/revisions\/13941"}],"wp:attachment":[{"href":"https:\/\/www.pts-graz.at\/index.php?rest_route=%2Fwp%2Fv2%2Fmedia&parent=11231"}],"curies":[{"name":"wp","href":"https:\/\/api.w.org\/{rel}","templated":true}]}}