{"id":7593,"date":"2016-03-21T19:05:49","date_gmt":"2016-03-21T18:05:49","guid":{"rendered":"http:\/\/www.pts-graz.at\/?page_id=7593"},"modified":"2023-11-13T15:31:18","modified_gmt":"2023-11-13T14:31:18","slug":"integration","status":"publish","type":"page","link":"https:\/\/www.pts-graz.at\/?page_id=7593","title":{"rendered":"Integration"},"content":{"rendered":"\t\t<div data-elementor-type=\"wp-page\" data-elementor-id=\"7593\" class=\"elementor elementor-7593\">\n\t\t\t\t\t\t\t\t\t<section class=\"elementor-section elementor-top-section elementor-element elementor-element-4d78fcc elementor-section-full_width elementor-section-stretched elementor-section-height-default elementor-section-height-default wpr-particle-no wpr-jarallax-no wpr-parallax-no wpr-sticky-section-no\" data-id=\"4d78fcc\" data-element_type=\"section\" data-settings=\"{&quot;stretch_section&quot;:&quot;section-stretched&quot;}\">\n\t\t\t\t\t\t<div class=\"elementor-container elementor-column-gap-default\">\n\t\t\t\t\t<div class=\"elementor-column elementor-col-33 elementor-top-column elementor-element elementor-element-290e218\" data-id=\"290e218\" data-element_type=\"column\">\n\t\t\t<div class=\"elementor-widget-wrap elementor-element-populated\">\n\t\t\t\t\t\t\t\t<div class=\"elementor-element elementor-element-1a31e4c elementor-widget elementor-widget-image\" data-id=\"1a31e4c\" data-element_type=\"widget\" data-widget_type=\"image.default\">\n\t\t\t\t<div class=\"elementor-widget-container\">\n\t\t\t<style>\/*! elementor - v3.6.5 - 27-04-2022 *\/\n.elementor-widget-image{text-align:center}.elementor-widget-image a{display:inline-block}.elementor-widget-image a img[src$=\".svg\"]{width:48px}.elementor-widget-image img{vertical-align:middle;display:inline-block}<\/style>\t\t\t\t\t\t\t\t\t\t\t\t<img width=\"300\" height=\"226\" src=\"https:\/\/www.pts-graz.at\/wp-content\/uploads\/2016\/03\/gesundheit01-300x226.jpg\" class=\"attachment-medium size-medium\" alt=\"\" loading=\"lazy\" srcset=\"https:\/\/www.pts-graz.at\/wp-content\/uploads\/2016\/03\/gesundheit01-300x226.jpg 300w, https:\/\/www.pts-graz.at\/wp-content\/uploads\/2016\/03\/gesundheit01-600x452.jpg 600w, https:\/\/www.pts-graz.at\/wp-content\/uploads\/2016\/03\/gesundheit01-768x579.jpg 768w, https:\/\/www.pts-graz.at\/wp-content\/uploads\/2016\/03\/gesundheit01-1024x772.jpg 1024w, https:\/\/www.pts-graz.at\/wp-content\/uploads\/2016\/03\/gesundheit01-265x200.jpg 265w, https:\/\/www.pts-graz.at\/wp-content\/uploads\/2016\/03\/gesundheit01-82x62.jpg 82w, https:\/\/www.pts-graz.at\/wp-content\/uploads\/2016\/03\/gesundheit01-100x75.jpg 100w, https:\/\/www.pts-graz.at\/wp-content\/uploads\/2016\/03\/gesundheit01-156x118.jpg 156w, https:\/\/www.pts-graz.at\/wp-content\/uploads\/2016\/03\/gesundheit01.jpg 1411w\" sizes=\"(max-width: 300px) 100vw, 300px\" \/>\t\t\t\t\t\t\t\t\t\t\t\t\t\t\t<\/div>\n\t\t\t\t<\/div>\n\t\t\t\t\t<\/div>\n\t\t<\/div>\n\t\t\t\t<div class=\"elementor-column elementor-col-66 elementor-top-column elementor-element elementor-element-434cdff\" data-id=\"434cdff\" data-element_type=\"column\">\n\t\t\t<div class=\"elementor-widget-wrap elementor-element-populated\">\n\t\t\t\t\t\t\t\t<div class=\"elementor-element elementor-element-ad8fc54 elementor-widget elementor-widget-text-editor\" data-id=\"ad8fc54\" data-element_type=\"widget\" data-widget_type=\"text-editor.default\">\n\t\t\t\t<div class=\"elementor-widget-container\">\n\t\t\t<style>\/*! elementor - v3.6.5 - 27-04-2022 *\/\n.elementor-widget-text-editor.elementor-drop-cap-view-stacked .elementor-drop-cap{background-color:#818a91;color:#fff}.elementor-widget-text-editor.elementor-drop-cap-view-framed .elementor-drop-cap{color:#818a91;border:3px solid;background-color:transparent}.elementor-widget-text-editor:not(.elementor-drop-cap-view-default) .elementor-drop-cap{margin-top:8px}.elementor-widget-text-editor:not(.elementor-drop-cap-view-default) .elementor-drop-cap-letter{width:1em;height:1em}.elementor-widget-text-editor .elementor-drop-cap{float:left;text-align:center;line-height:1;font-size:50px}.elementor-widget-text-editor .elementor-drop-cap-letter{display:inline-block}<\/style>\t\t\t\t<h2 style=\"text-align: center;\">Integration an der PTS Graz<\/h2>\n<ul>\n<li>9. ,10. und 11. Schuljahr m\u00f6glich<br><\/li>\n<li>pers\u00f6nliche Betreuung und Beratung in&nbsp;Integrationsklassen durch eigene Lehrer\/innen<\/li>\n<li>Unterricht nach allen Lehrpl\u00e4nen der&nbsp;Pflichtschulen<\/li>\n\n<li>Zusammenarbeit mit Menschen au\u00dferhalb&nbsp;der Schule, die dir helfen, eine Arbeit oder einen Ausbildungsplatz zu finden<\/li>\n<\/ul>\n<p><strong>Schau` vorbei!&nbsp;<\/strong>&nbsp; &nbsp;(Schnuppertag m\u00f6glich)<\/p>\n<p><strong>Kontaktpersonen:<\/strong><strong>&nbsp;&nbsp;<\/strong><\/p>\n<p>Fr. Marie-Kristine Halbedl<\/p>\n<p>Fr. Karin Resch<\/p>\n<p>Fr. Simone Springer<\/p>\n<p>Hr. Philipp Cichocki<\/p>\t\t\t\t\t\t<\/div>\n\t\t\t\t<\/div>\n\t\t\t\t\t<\/div>\n\t\t<\/div>\n\t\t\t\t\t\t\t<\/div>\n\t\t<\/section>\n\t\t\t\t<section class=\"elementor-section elementor-top-section elementor-element elementor-element-c8a1b8a elementor-section-full_width elementor-section-stretched elementor-section-height-default elementor-section-height-default wpr-particle-no wpr-jarallax-no wpr-parallax-no wpr-sticky-section-no\" data-id=\"c8a1b8a\" data-element_type=\"section\" data-settings=\"{&quot;stretch_section&quot;:&quot;section-stretched&quot;}\">\n\t\t\t\t\t\t<div class=\"elementor-container elementor-column-gap-default\">\n\t\t\t\t\t<div class=\"elementor-column elementor-col-100 elementor-top-column elementor-element elementor-element-686792d\" data-id=\"686792d\" data-element_type=\"column\">\n\t\t\t<div class=\"elementor-widget-wrap elementor-element-populated\">\n\t\t\t\t\t\t\t\t<div class=\"elementor-element elementor-element-94293f9 elementor-widget elementor-widget-text-editor\" data-id=\"94293f9\" data-element_type=\"widget\" data-widget_type=\"text-editor.default\">\n\t\t\t\t<div class=\"elementor-widget-container\">\n\t\t\t\t\t\t\t<h3 style=\"text-align: center;\">UNIFIED FOOTBALL AM POLY GRAZ \u2013 eine Tradition!<\/h3><p><strong><span lang=\"DE-AT\"><a href=\"http:\/\/www.inklusionssport.at\/\" target=\"_blank\" rel=\"noopener noreferrer\">www.inklusionssport.at<\/a><\/span><\/strong><\/p><p><span lang=\"DE-AT\">Wir, als einj\u00e4hriger Schultyp mit INTEGRATION-INKLUSION schon seit 14 Jahren, sind f\u00fcr so einen Gedanken wie UNIFIED SPORT nat\u00fcrlich immer offen, und<\/span><span lang=\"DE-AT\">\u00a0durften im Bereich INDOOR\/OUTDOOR FOOTBALL sowohl einige Male teilnehmen als auch als Mitorganisator helfen.\u00a0<\/span><\/p><p><span lang=\"DE-AT\">\u00a0<\/span><span lang=\"DE-AT\">Unsere momentane UNIFIED FOOTBALL Mannschaft\u00a0<\/span><span lang=\"DE-AT\">freut sich schon sehr auf die\u00a0Zukunft!<\/span><\/p>\t\t\t\t\t\t<\/div>\n\t\t\t\t<\/div>\n\t\t\t\t\t<\/div>\n\t\t<\/div>\n\t\t\t\t\t\t\t<\/div>\n\t\t<\/section>\n\t\t\t\t\t\t\t<\/div>\n\t\t","protected":false},"excerpt":{"rendered":"<p>Integration an der PTS Graz 9. ,10. und 11. Schuljahr m\u00f6glich pers\u00f6nliche Betreuung und Beratung in&nbsp;Integrationsklassen durch eigene Lehrer\/innen Unterricht nach allen Lehrpl\u00e4nen der&nbsp;Pflichtschulen Zusammenarbeit mit Menschen au\u00dferhalb&nbsp;der Schule, die &hellip; <\/p>\n","protected":false},"author":1,"featured_media":0,"parent":0,"menu_order":0,"comment_status":"closed","ping_status":"closed","template":"elementor_theme","meta":{"_bbp_topic_count":0,"_bbp_reply_count":0,"_bbp_total_topic_count":0,"_bbp_total_reply_count":0,"_bbp_voice_count":0,"_bbp_anonymous_reply_count":0,"_bbp_topic_count_hidden":0,"_bbp_reply_count_hidden":0,"_bbp_forum_subforum_count":0},"yoast_head":"<!-- This site is optimized with the Yoast SEO plugin v18.9 - https:\/\/yoast.com\/wordpress\/plugins\/seo\/ -->\n<title>Integration - PTS Graz<\/title>\n<meta name=\"robots\" content=\"index, follow, max-snippet:-1, max-image-preview:large, max-video-preview:-1\" \/>\n<link rel=\"canonical\" href=\"https:\/\/www.pts-graz.at\/?page_id=7593\" \/>\n<meta property=\"og:locale\" content=\"de_DE\" \/>\n<meta property=\"og:type\" content=\"article\" \/>\n<meta property=\"og:title\" content=\"Integration - PTS Graz\" \/>\n<meta property=\"og:description\" content=\"Integration an der PTS Graz 9. ,10. und 11. Schuljahr m\u00f6glich pers\u00f6nliche Betreuung und Beratung in&nbsp;Integrationsklassen durch eigene Lehrer\/innen Unterricht nach allen Lehrpl\u00e4nen der&nbsp;Pflichtschulen Zusammenarbeit mit Menschen au\u00dferhalb&nbsp;der Schule, die &hellip;\" \/>\n<meta property=\"og:url\" content=\"https:\/\/www.pts-graz.at\/?page_id=7593\" \/>\n<meta property=\"og:site_name\" content=\"PTS Graz\" \/>\n<meta property=\"article:modified_time\" content=\"2023-11-13T14:31:18+00:00\" \/>\n<meta property=\"og:image\" content=\"https:\/\/www.pts-graz.at\/wp-content\/uploads\/2016\/03\/gesundheit01-300x226.jpg\" \/>\n<meta name=\"twitter:card\" content=\"summary_large_image\" \/>\n<meta name=\"twitter:label1\" content=\"Gesch\u00e4tzte Lesezeit\" \/>\n\t<meta name=\"twitter:data1\" content=\"1\u00a0Minute\" \/>\n<script type=\"application\/ld+json\" class=\"yoast-schema-graph\">{\"@context\":\"https:\/\/schema.org\",\"@graph\":[{\"@type\":\"WebSite\",\"@id\":\"https:\/\/www.pts-graz.at\/#website\",\"url\":\"https:\/\/www.pts-graz.at\/\",\"name\":\"PTS Graz\",\"description\":\"Dein Weg in die Berufswelt\",\"potentialAction\":[{\"@type\":\"SearchAction\",\"target\":{\"@type\":\"EntryPoint\",\"urlTemplate\":\"https:\/\/www.pts-graz.at\/?s={search_term_string}\"},\"query-input\":\"required name=search_term_string\"}],\"inLanguage\":\"de\"},{\"@type\":\"ImageObject\",\"inLanguage\":\"de\",\"@id\":\"https:\/\/www.pts-graz.at\/?page_id=7593#primaryimage\",\"url\":\"https:\/\/www.pts-graz.at\/wp-content\/uploads\/2016\/03\/gesundheit01.jpg\",\"contentUrl\":\"https:\/\/www.pts-graz.at\/wp-content\/uploads\/2016\/03\/gesundheit01.jpg\",\"width\":1411,\"height\":1064},{\"@type\":\"WebPage\",\"@id\":\"https:\/\/www.pts-graz.at\/?page_id=7593#webpage\",\"url\":\"https:\/\/www.pts-graz.at\/?page_id=7593\",\"name\":\"Integration - PTS Graz\",\"isPartOf\":{\"@id\":\"https:\/\/www.pts-graz.at\/#website\"},\"primaryImageOfPage\":{\"@id\":\"https:\/\/www.pts-graz.at\/?page_id=7593#primaryimage\"},\"datePublished\":\"2016-03-21T18:05:49+00:00\",\"dateModified\":\"2023-11-13T14:31:18+00:00\",\"breadcrumb\":{\"@id\":\"https:\/\/www.pts-graz.at\/?page_id=7593#breadcrumb\"},\"inLanguage\":\"de\",\"potentialAction\":[{\"@type\":\"ReadAction\",\"target\":[\"https:\/\/www.pts-graz.at\/?page_id=7593\"]}]},{\"@type\":\"BreadcrumbList\",\"@id\":\"https:\/\/www.pts-graz.at\/?page_id=7593#breadcrumb\",\"itemListElement\":[{\"@type\":\"ListItem\",\"position\":1,\"name\":\"Startseite\",\"item\":\"https:\/\/www.pts-graz.at\/\"},{\"@type\":\"ListItem\",\"position\":2,\"name\":\"Integration\"}]}]}<\/script>\n<!-- \/ Yoast SEO plugin. -->","yoast_head_json":{"title":"Integration - PTS Graz","robots":{"index":"index","follow":"follow","max-snippet":"max-snippet:-1","max-image-preview":"max-image-preview:large","max-video-preview":"max-video-preview:-1"},"canonical":"https:\/\/www.pts-graz.at\/?page_id=7593","og_locale":"de_DE","og_type":"article","og_title":"Integration - PTS Graz","og_description":"Integration an der PTS Graz 9. ,10. und 11. Schuljahr m\u00f6glich pers\u00f6nliche Betreuung und Beratung in&nbsp;Integrationsklassen durch eigene Lehrer\/innen Unterricht nach allen Lehrpl\u00e4nen der&nbsp;Pflichtschulen Zusammenarbeit mit Menschen au\u00dferhalb&nbsp;der Schule, die &hellip;","og_url":"https:\/\/www.pts-graz.at\/?page_id=7593","og_site_name":"PTS Graz","article_modified_time":"2023-11-13T14:31:18+00:00","og_image":[{"url":"https:\/\/www.pts-graz.at\/wp-content\/uploads\/2016\/03\/gesundheit01-300x226.jpg"}],"twitter_card":"summary_large_image","twitter_misc":{"Gesch\u00e4tzte Lesezeit":"1\u00a0Minute"},"schema":{"@context":"https:\/\/schema.org","@graph":[{"@type":"WebSite","@id":"https:\/\/www.pts-graz.at\/#website","url":"https:\/\/www.pts-graz.at\/","name":"PTS Graz","description":"Dein Weg in die Berufswelt","potentialAction":[{"@type":"SearchAction","target":{"@type":"EntryPoint","urlTemplate":"https:\/\/www.pts-graz.at\/?s={search_term_string}"},"query-input":"required name=search_term_string"}],"inLanguage":"de"},{"@type":"ImageObject","inLanguage":"de","@id":"https:\/\/www.pts-graz.at\/?page_id=7593#primaryimage","url":"https:\/\/www.pts-graz.at\/wp-content\/uploads\/2016\/03\/gesundheit01.jpg","contentUrl":"https:\/\/www.pts-graz.at\/wp-content\/uploads\/2016\/03\/gesundheit01.jpg","width":1411,"height":1064},{"@type":"WebPage","@id":"https:\/\/www.pts-graz.at\/?page_id=7593#webpage","url":"https:\/\/www.pts-graz.at\/?page_id=7593","name":"Integration - PTS Graz","isPartOf":{"@id":"https:\/\/www.pts-graz.at\/#website"},"primaryImageOfPage":{"@id":"https:\/\/www.pts-graz.at\/?page_id=7593#primaryimage"},"datePublished":"2016-03-21T18:05:49+00:00","dateModified":"2023-11-13T14:31:18+00:00","breadcrumb":{"@id":"https:\/\/www.pts-graz.at\/?page_id=7593#breadcrumb"},"inLanguage":"de","potentialAction":[{"@type":"ReadAction","target":["https:\/\/www.pts-graz.at\/?page_id=7593"]}]},{"@type":"BreadcrumbList","@id":"https:\/\/www.pts-graz.at\/?page_id=7593#breadcrumb","itemListElement":[{"@type":"ListItem","position":1,"name":"Startseite","item":"https:\/\/www.pts-graz.at\/"},{"@type":"ListItem","position":2,"name":"Integration"}]}]}},"_links":{"self":[{"href":"https:\/\/www.pts-graz.at\/index.php?rest_route=\/wp\/v2\/pages\/7593"}],"collection":[{"href":"https:\/\/www.pts-graz.at\/index.php?rest_route=\/wp\/v2\/pages"}],"about":[{"href":"https:\/\/www.pts-graz.at\/index.php?rest_route=\/wp\/v2\/types\/page"}],"author":[{"embeddable":true,"href":"https:\/\/www.pts-graz.at\/index.php?rest_route=\/wp\/v2\/users\/1"}],"replies":[{"embeddable":true,"href":"https:\/\/www.pts-graz.at\/index.php?rest_route=%2Fwp%2Fv2%2Fcomments&post=7593"}],"version-history":[{"count":7,"href":"https:\/\/www.pts-graz.at\/index.php?rest_route=\/wp\/v2\/pages\/7593\/revisions"}],"predecessor-version":[{"id":13977,"href":"https:\/\/www.pts-graz.at\/index.php?rest_route=\/wp\/v2\/pages\/7593\/revisions\/13977"}],"wp:attachment":[{"href":"https:\/\/www.pts-graz.at\/index.php?rest_route=%2Fwp%2Fv2%2Fmedia&parent=7593"}],"curies":[{"name":"wp","href":"https:\/\/api.w.org\/{rel}","templated":true}]}}